{"id":238,"date":"2023-03-30T07:22:08","date_gmt":"2023-03-30T05:22:08","guid":{"rendered":"https:\/\/solveosolutions.tamtomy.cz\/?page_id=238"},"modified":"2025-02-11T09:17:42","modified_gmt":"2025-02-11T08:17:42","slug":"outsourcing-vyroby","status":"publish","type":"page","link":"https:\/\/solveosolutions.tamtomy.cz\/sk\/sluzby\/outsourcing-vyroby\/","title":{"rendered":"Solveo Assembly"},"content":{"rendered":"\n<h2 class=\"wp-block-heading\">Outsorcing v\u00fdroby<\/h2>\n\n\n\n<p>Prevezmeme od V\u00e1s ak\u00fako\u013evek \u010das\u0165 v\u00fdroby. Vieme zabezpe\u010di\u0165 plnenie v\u00fdrobn\u00e9ho pl\u00e1nu <strong>v&nbsp;na\u0161ich vlastn\u00fdch priestoroch<\/strong> s&nbsp;ve\u013emi dobrou dopravnou dostupnos\u0165ou, alebo pr\u00e1cu m\u00f4\u017eeme zrealizova\u0165 vo va\u0161ich priestoroch (kdekoliv v&nbsp;\u010dr a&nbsp;sk).<\/p>\n\n\n\n<p>Prostredn\u00edctvom outsourcingu v\u00fdroby zabezpe\u010dujeme pre na\u0161ich klientov flexibilitu a optimaliz\u00e1ciu n\u00e1kladov v\u00fdroby a logistiky, prostredn\u00edctvom prevzatia zvolenej \u010dasti v\u00fdroby&nbsp;<strong>za \u00fa\u010delom racionaliz\u00e1cie n\u00e1kladov pre kone\u010dn\u00e9ho odberate\u013ea.<\/strong><\/p>\n\n\n\n<p>Sme r\u00fdchli a&nbsp;procesy si vieme efektivn\u011b nastavi\u0165. V\u00fdrobn\u00e9 procesy, kvalitativn\u00e9 procesy a vn\u00fatorn\u00fa logistiku zabezpe\u010d\u00edme sinergii s chodom v\u00fdroby.<\/p>\n\n\n\n<p>Na\u0161i zamestnanci maj\u00fa prax vo v\u00fdrobnom sektore. Zabezpe\u010d\u00edme dostato\u010dn\u00fd po\u010det, aby bol pl\u00e1n splnen\u00fd.<\/p>\n\n\n\n<p>Vieme poskytn\u00fa\u0165 financovanie projektu a&nbsp;technol\u00f3gii, riadenie procesu v\u00fdroby, skladovanie a&nbsp;manipul\u00e1ciu, zaistenie \u013eudsk\u00fdch zdrojov, dopravu, mikrologistiku, predmont\u00e1\u017e a&nbsp;kompletiz\u00e1ciu v\u00fdrobkov, v\u00fdstupn\u00ed kontrolu, rework\/opracov\u00e1n\u00ed podez\u0159el\u00fdch\/vadn\u00fdch v\u00fdrobk\u016f a&nbsp;tak sn\u00ed\u017een\u00ed n\u00e1klad\u016f na scrap\/\u0161rot, uvoln\u011bn\u00ed\/ukon\u010den\u00ed v\u00fdroby\/sm\u011bny a&nbsp;jej\u00ed pr\u016fb\u011b\u017enou kontrolu, balenie v\u00fdrobkov, etiketovanie \u2013 \u0161t\u00edtkovanie, expedici. Zaji\u0161t\u011bn\u00ed a&nbsp;dodr\u017een\u00ed kanban syst\u00e9mu. V\u0161etko prisp\u00f4sob\u00edme potreb\u00e1m z\u00e1kazn\u00edka.<\/p>\n\n\n\n<p>Sme flexibiln\u00fd, a&nbsp;preto vieme poskytn\u00fa\u0165 dlhodob\u00fa ale aj kr\u00e1tkodob\u00fa slu\u017ebu z\u00e1kazn\u00edkom.<\/p>\n\n\n\n<h3 class=\"wp-block-heading\">V sou\u010dasnosti p\u016fsob\u00edme v t\u011bchto oblastech pr\u016fmyslu:<\/h3>\n\n\n\n<div class=\"wp-block-columns wp-container-3\">\n<div class=\"wp-block-column\" style=\"flex-basis:66.66%\">\n<ul>\n<li>Automotive<\/li>\n\n\n\n<li>Logistika<\/li>\n\n\n\n<li>Potravin\u00e1\u0159stv\u00ed<\/li>\n\n\n\n<li>Kosmetick\u00fd pr\u016fmysl<\/li>\n\n\n\n<li>Strojn\u00ed pr\u016fmysl<\/li>\n\n\n\n<li>Chemick\u00fd pr\u016fmysl<\/li>\n\n\n\n<li>Elektrotechnick\u00fd pr\u016fmysl<\/li>\n<\/ul>\n<\/div>\n\n\n\n<div class=\"wp-block-column\" style=\"flex-basis:33.33%\">\n<figure class=\"wp-block-image size-large\"><img decoding=\"async\" loading=\"lazy\" width=\"1024\" height=\"683\" src=\"https:\/\/solveosolutions.tamtomy.cz\/app\/uploads\/2023\/03\/kontrola_kvality-1024x683.jpeg\" alt=\"kontrola kvality u klienta\" class=\"wp-image-79\" srcset=\"https:\/\/solveosolutions.tamtomy.cz\/app\/uploads\/2023\/03\/kontrola_kvality-1024x683.jpeg 1024w, https:\/\/solveosolutions.tamtomy.cz\/app\/uploads\/2023\/03\/kontrola_kvality-300x200.jpeg 300w, https:\/\/solveosolutions.tamtomy.cz\/app\/uploads\/2023\/03\/kontrola_kvality-768x512.jpeg 768w, https:\/\/solveosolutions.tamtomy.cz\/app\/uploads\/2023\/03\/kontrola_kvality.jpeg 1200w\" sizes=\"(max-width: 1024px) 100vw, 1024px\" \/><\/figure>\n<\/div>\n<\/div>\n\n\n\n<p><\/p>\n","protected":false},"excerpt":{"rendered":"<p>Kompletn\u00e9 zabezpe\u010denie v\u00fdroby a logistiky u z\u00e1kazn\u00edka alebo v na\u0161ich vlastn\u00fdch priestoroch.<\/p>\n","protected":false},"author":2,"featured_media":503,"parent":240,"menu_order":10,"comment_status":"closed","ping_status":"closed","template":"template-service.blade.php","meta":[],"acf":[],"yoast_head":"<!-- This site is optimized with the Yoast SEO plugin v20.4 - https:\/\/yoast.com\/wordpress\/plugins\/seo\/ -->\n<title>Solveo Assembly | Solveo s.r.o.<\/title>\n<meta name=\"robots\" content=\"noindex, follow, max-snippet:-1, max-image-preview:large, max-video-preview:-1\" \/>\n<meta property=\"og:locale\" content=\"sk_SK\" \/>\n<meta property=\"og:type\" content=\"article\" \/>\n<meta property=\"og:title\" content=\"Solveo Assembly | Solveo s.r.o.\" \/>\n<meta property=\"og:description\" content=\"Kompletn\u00e9 zabezpe\u010denie v\u00fdroby a logistiky u z\u00e1kazn\u00edka alebo v na\u0161ich vlastn\u00fdch priestoroch.\" \/>\n<meta property=\"og:url\" content=\"https:\/\/solveosolutions.tamtomy.cz\/sk\/sluzby\/outsourcing-vyroby\/\" \/>\n<meta property=\"og:site_name\" content=\"Solveo s.r.o.\" \/>\n<meta property=\"article:modified_time\" content=\"2025-02-11T08:17:42+00:00\" \/>\n<meta property=\"og:image\" content=\"https:\/\/solveosolutions.tamtomy.cz\/app\/uploads\/2024\/06\/assembly-card-1.png\" \/>\n\t<meta property=\"og:image:width\" content=\"1020\" \/>\n\t<meta property=\"og:image:height\" content=\"1124\" \/>\n\t<meta property=\"og:image:type\" content=\"image\/png\" \/>\n<meta name=\"twitter:card\" content=\"summary_large_image\" \/>\n<meta name=\"twitter:label1\" content=\"Est. reading time\" \/>\n\t<meta name=\"twitter:data1\" content=\"2 minutes\" \/>\n<script type=\"application\/ld+json\" class=\"yoast-schema-graph\">{\"@context\":\"https:\/\/schema.org\",\"@graph\":[{\"@type\":\"WebPage\",\"@id\":\"https:\/\/solveosolutions.tamtomy.cz\/sk\/sluzby\/outsourcing-vyroby\/\",\"url\":\"https:\/\/solveosolutions.tamtomy.cz\/sk\/sluzby\/outsourcing-vyroby\/\",\"name\":\"Solveo Assembly | Solveo s.r.o.\",\"isPartOf\":{\"@id\":\"https:\/\/solveosolutions.tamtomy.cz\/sk\/#website\"},\"datePublished\":\"2023-03-30T05:22:08+00:00\",\"dateModified\":\"2025-02-11T08:17:42+00:00\",\"breadcrumb\":{\"@id\":\"https:\/\/solveosolutions.tamtomy.cz\/sk\/sluzby\/outsourcing-vyroby\/#breadcrumb\"},\"inLanguage\":\"sk-SK\",\"potentialAction\":[{\"@type\":\"ReadAction\",\"target\":[\"https:\/\/solveosolutions.tamtomy.cz\/sk\/sluzby\/outsourcing-vyroby\/\"]}]},{\"@type\":\"BreadcrumbList\",\"@id\":\"https:\/\/solveosolutions.tamtomy.cz\/sk\/sluzby\/outsourcing-vyroby\/#breadcrumb\",\"itemListElement\":[{\"@type\":\"ListItem\",\"position\":1,\"name\":\"Dom\u016f\",\"item\":\"https:\/\/solveosolutions.tamtomy.cz\/sk\/\"},{\"@type\":\"ListItem\",\"position\":2,\"name\":\"Slu\u017eby\",\"item\":\"https:\/\/solveosolutions.tamtomy.cz\/sk\/sluzby\/\"},{\"@type\":\"ListItem\",\"position\":3,\"name\":\"Solveo Assembly\"}]},{\"@type\":\"WebSite\",\"@id\":\"https:\/\/solveosolutions.tamtomy.cz\/sk\/#website\",\"url\":\"https:\/\/solveosolutions.tamtomy.cz\/sk\/\",\"name\":\"Profesion\u00e1ln\u00ed outsourcing\",\"description\":\"\",\"publisher\":{\"@id\":\"https:\/\/solveosolutions.tamtomy.cz\/sk\/#organization\"},\"potentialAction\":[{\"@type\":\"SearchAction\",\"target\":{\"@type\":\"EntryPoint\",\"urlTemplate\":\"https:\/\/solveosolutions.tamtomy.cz\/sk\/?s={search_term_string}\"},\"query-input\":\"required name=search_term_string\"}],\"inLanguage\":\"sk-SK\"},{\"@type\":\"Organization\",\"@id\":\"https:\/\/solveosolutions.tamtomy.cz\/sk\/#organization\",\"name\":\"Solveo s.r.o.\",\"url\":\"https:\/\/solveosolutions.tamtomy.cz\/sk\/\",\"logo\":{\"@type\":\"ImageObject\",\"inLanguage\":\"sk-SK\",\"@id\":\"https:\/\/solveosolutions.tamtomy.cz\/sk\/#\/schema\/logo\/image\/\",\"url\":\"https:\/\/solveosolutions.tamtomy.cz\/app\/uploads\/2023\/04\/logo.svg\",\"contentUrl\":\"https:\/\/solveosolutions.tamtomy.cz\/app\/uploads\/2023\/04\/logo.svg\",\"width\":1,\"height\":1,\"caption\":\"Solveo s.r.o.\"},\"image\":{\"@id\":\"https:\/\/solveosolutions.tamtomy.cz\/sk\/#\/schema\/logo\/image\/\"}}]}<\/script>\n<!-- \/ Yoast SEO plugin. -->","yoast_head_json":{"title":"Solveo Assembly | Solveo s.r.o.","robots":{"index":"noindex","follow":"follow","max-snippet":"max-snippet:-1","max-image-preview":"max-image-preview:large","max-video-preview":"max-video-preview:-1"},"og_locale":"sk_SK","og_type":"article","og_title":"Solveo Assembly | Solveo s.r.o.","og_description":"Kompletn\u00e9 zabezpe\u010denie v\u00fdroby a logistiky u z\u00e1kazn\u00edka alebo v na\u0161ich vlastn\u00fdch priestoroch.","og_url":"https:\/\/solveosolutions.tamtomy.cz\/sk\/sluzby\/outsourcing-vyroby\/","og_site_name":"Solveo s.r.o.","article_modified_time":"2025-02-11T08:17:42+00:00","og_image":[{"width":1020,"height":1124,"url":"https:\/\/solveosolutions.tamtomy.cz\/app\/uploads\/2024\/06\/assembly-card-1.png","type":"image\/png"}],"twitter_card":"summary_large_image","twitter_misc":{"Est. reading time":"2 minutes"},"schema":{"@context":"https:\/\/schema.org","@graph":[{"@type":"WebPage","@id":"https:\/\/solveosolutions.tamtomy.cz\/sk\/sluzby\/outsourcing-vyroby\/","url":"https:\/\/solveosolutions.tamtomy.cz\/sk\/sluzby\/outsourcing-vyroby\/","name":"Solveo Assembly | Solveo s.r.o.","isPartOf":{"@id":"https:\/\/solveosolutions.tamtomy.cz\/sk\/#website"},"datePublished":"2023-03-30T05:22:08+00:00","dateModified":"2025-02-11T08:17:42+00:00","breadcrumb":{"@id":"https:\/\/solveosolutions.tamtomy.cz\/sk\/sluzby\/outsourcing-vyroby\/#breadcrumb"},"inLanguage":"sk-SK","potentialAction":[{"@type":"ReadAction","target":["https:\/\/solveosolutions.tamtomy.cz\/sk\/sluzby\/outsourcing-vyroby\/"]}]},{"@type":"BreadcrumbList","@id":"https:\/\/solveosolutions.tamtomy.cz\/sk\/sluzby\/outsourcing-vyroby\/#breadcrumb","itemListElement":[{"@type":"ListItem","position":1,"name":"Dom\u016f","item":"https:\/\/solveosolutions.tamtomy.cz\/sk\/"},{"@type":"ListItem","position":2,"name":"Slu\u017eby","item":"https:\/\/solveosolutions.tamtomy.cz\/sk\/sluzby\/"},{"@type":"ListItem","position":3,"name":"Solveo Assembly"}]},{"@type":"WebSite","@id":"https:\/\/solveosolutions.tamtomy.cz\/sk\/#website","url":"https:\/\/solveosolutions.tamtomy.cz\/sk\/","name":"Profesion\u00e1ln\u00ed outsourcing","description":"","publisher":{"@id":"https:\/\/solveosolutions.tamtomy.cz\/sk\/#organization"},"potentialAction":[{"@type":"SearchAction","target":{"@type":"EntryPoint","urlTemplate":"https:\/\/solveosolutions.tamtomy.cz\/sk\/?s={search_term_string}"},"query-input":"required name=search_term_string"}],"inLanguage":"sk-SK"},{"@type":"Organization","@id":"https:\/\/solveosolutions.tamtomy.cz\/sk\/#organization","name":"Solveo s.r.o.","url":"https:\/\/solveosolutions.tamtomy.cz\/sk\/","logo":{"@type":"ImageObject","inLanguage":"sk-SK","@id":"https:\/\/solveosolutions.tamtomy.cz\/sk\/#\/schema\/logo\/image\/","url":"https:\/\/solveosolutions.tamtomy.cz\/app\/uploads\/2023\/04\/logo.svg","contentUrl":"https:\/\/solveosolutions.tamtomy.cz\/app\/uploads\/2023\/04\/logo.svg","width":1,"height":1,"caption":"Solveo s.r.o."},"image":{"@id":"https:\/\/solveosolutions.tamtomy.cz\/sk\/#\/schema\/logo\/image\/"}}]}},"_links":{"self":[{"href":"https:\/\/solveosolutions.tamtomy.cz\/sk\/wp-json\/wp\/v2\/pages\/238"}],"collection":[{"href":"https:\/\/solveosolutions.tamtomy.cz\/sk\/wp-json\/wp\/v2\/pages"}],"about":[{"href":"https:\/\/solveosolutions.tamtomy.cz\/sk\/wp-json\/wp\/v2\/types\/page"}],"author":[{"embeddable":true,"href":"https:\/\/solveosolutions.tamtomy.cz\/sk\/wp-json\/wp\/v2\/users\/2"}],"replies":[{"embeddable":true,"href":"https:\/\/solveosolutions.tamtomy.cz\/sk\/wp-json\/wp\/v2\/comments?post=238"}],"version-history":[{"count":9,"href":"https:\/\/solveosolutions.tamtomy.cz\/sk\/wp-json\/wp\/v2\/pages\/238\/revisions"}],"predecessor-version":[{"id":553,"href":"https:\/\/solveosolutions.tamtomy.cz\/sk\/wp-json\/wp\/v2\/pages\/238\/revisions\/553"}],"up":[{"embeddable":true,"href":"https:\/\/solveosolutions.tamtomy.cz\/sk\/wp-json\/wp\/v2\/pages\/240"}],"wp:featuredmedia":[{"embeddable":true,"href":"https:\/\/solveosolutions.tamtomy.cz\/sk\/wp-json\/wp\/v2\/media\/503"}],"wp:attachment":[{"href":"https:\/\/solveosolutions.tamtomy.cz\/sk\/wp-json\/wp\/v2\/media?parent=238"}],"curies":[{"name":"wp","href":"https:\/\/api.w.org\/{rel}","templated":true}]}}