{"id":249,"date":"2023-03-30T07:26:45","date_gmt":"2023-03-30T05:26:45","guid":{"rendered":"https:\/\/solveosolutions.tamtomy.cz\/?page_id=249"},"modified":"2025-02-11T09:51:59","modified_gmt":"2025-02-11T08:51:59","slug":"outsourcing-kontroly-kvality","status":"publish","type":"page","link":"https:\/\/solveosolutions.tamtomy.cz\/sk\/sluzby\/outsourcing-kontroly-kvality\/","title":{"rendered":"Solveo Quality"},"content":{"rendered":"\n<h2 class=\"wp-block-heading\"><strong>Outsourcing kontroly kvality<\/strong><\/h2>\n\n\n\n<p>K\u013e\u00fa\u010dom k riadeniu programov kontroly kvality je zabezpe\u010denie pr\u00edsneho dodr\u017eiavania \u0161tandardizovan\u00fdch procesov. Ak\u00e1ko\u013evek odch\u00fdlka od procesu pravdepodobne povedie k v\u00fdrobkom, ktor\u00e9 s\u00fa mimo \u0161pecifik\u00e1cie, a pravdepodobne povedie aj k in\u00fdm form\u00e1m odpadu. <\/p>\n\n\n\n<p>Zhroma\u017e\u010fovanie \u00fadajov o kvalite dielov m\u00f4\u017ee by\u0165 u\u017eito\u010dn\u00e9 pri audite v\u00fdrobn\u00fdch procesov, tracebilit\u011b v\u00fdrobk\u016f a pri zabezpe\u010den\u00ed toho, aby \u0161tandardizovan\u00e1 pr\u00e1ca a pracovn\u00e9 pokyny boli v s\u00falade s v\u00fdvojom kvalitn\u00fdch komponentov a z\u00e1rove\u0148 zn\u00ed\u017eili mno\u017estvo odpadu. Zajist\u00edme monitoring a&nbsp;zm\u011bnov\u00fd managment kontroly co\u017e zahrnuje nejen aktualizaci pracovn\u00edch pokyn\u016f, zaveden\u00ed katalogu vad intern\u00edch\/z\u00e1kaznick\u00fdch ale i&nbsp;dal\u0161\u00ed dokumentace s&nbsp;kontrolou spojen\u00fdch.<\/p>\n\n\n\n<blockquote class=\"wp-block-quote\">\n<p>\u201eKONTROLA KVALITY VO V\u00ddROBE: POU\u017d\u00cdVANIE \u00daDAJOV NA ZLEP\u0160ENIE V\u00c1\u0160HO PROGRAMU KVALITY\u201c<\/p>\n<\/blockquote>\n\n\n\n<p>Sme odborn\u00edkmi vo viacer\u00fdch oblastiach z h\u013eadiska kontroly kvality, tak\u017ee pokr\u00fdvame \u0161irok\u00e9 oblasti priemyslu. Sme schopn\u00ed vykona\u0165 kontrolu kvality u klienta alebo u n\u00e1s, pokia\u013e je po\u017eiadavka na extern\u00fa kontrolu kvality.<\/p>\n\n\n\n<p>Okrem \u013eudsk\u00e9ho faktora vieme zabezpe\u010di\u0165 aj profesion\u00e1lne strojov\u00e9 vybavenie potrebn\u00e9 na vykon\u00e1vanie kontroly kvality nejen vizu\u00e1ln\u00ed, ale i&nbsp;mechanick\u00e9 \u010di funk\u010dn\u00ed. Zajist\u00edme m\u011b\u0159\u00edc\u00ed za\u0159\u00edzen\u00ed, r\u016fzn\u00e9 kontroln\u00ed p\u0159\u00edpravky, kalibrovan\u00e9 m\u011brky, kamerov\u00e9 syst\u00e9my atd.<\/p>\n\n\n\n<p>Na projekte kvality u klienta pracuje cel\u00fd n\u00e1\u0161 t\u00edm \u013eud\u00ed, tak\u017ee okrem koordin\u00e1torov, technikov kvality, oper\u00e1torov kvality a samotnej kontroly kvality sme plne schopn\u00ed prevzia\u0165 cel\u00fd proces \u201ekontroly kvality\u201c klienta zabezpe\u010di\u0165 najlep\u0161ie v\u00fdsledky.<\/p>\n\n\n\n<h3 class=\"wp-block-heading\">V kvalite poskytujeme nieko\u013eko met\u00f3d:<\/h3>\n\n\n\n<h4 class=\"wp-block-heading\">Presne na \u010das &#8211; JUST IN TIME&nbsp; (JIT) nebo taky JUST IN SEQUENCE (JIS)<\/h4>\n\n\n\n<p>JIT\/JIS je s\u00fa\u010das\u0165ou \u0161ir\u0161ej filozofie, ktor\u00e1 dod\u00e1va materi\u00e1l a diely do v\u00fdroby tak, ako s\u00fa potrebn\u00e9. Kontrola kvality mus\u00ed by\u0165 neoddelite\u013enou s\u00fa\u010das\u0165ou rovnice, aby sa zabezpe\u010dilo, \u017ee v\u0161etky diely dorazia tesne pred pou\u017eit\u00edm bez preru\u0161enia v\u00fdroby. Tento v\u00fdkon sa dosahuje uz\u00e1konen\u00edm pr\u00edsnych noriem kontroly kvality s \u0161tatistick\u00e1 kontrola kvality<\/p>\n\n\n\n<p>V \u0161tatistickej kontrole kvality sa vzorka v\u00fdrobnej \u0161ar\u017ee odober\u00e1 v napl\u00e1novanom alebo n\u00e1hodnom bode v\u00fdrobn\u00e9ho procesu. Je to proces pou\u017e\u00edvan\u00fd mnoh\u00fdmi v\u00fdrobcami procesov. \u0160tatistick\u00e1 kontrola kvality sa spolieha na spo\u013eahliv\u00fa kvalitu v\u00fdroby a minul\u00fa produktov\u00fa hist\u00f3riu, aby sa zabezpe\u010dilo, \u017ee odber vzoriek ur\u010d\u00ed, kedy a kde sa vyskytn\u00fa probl\u00e9my s kontrolou kvality. Produkt mus\u00ed by\u0165 dostato\u010dne konzistentn\u00fd, aby odber vzoriek a \u0161tatistick\u00e1 anal\u00fdza zabezpe\u010dili, \u017ee neprenikn\u00fa \u017eiadne chyby. <\/p>\n\n\n\n<p>Zabezpe\u010dujeme RQE<\/p>\n\n\n\n<h3 class=\"wp-block-heading\">In\u0161pekcia<\/h3>\n\n\n\n<p>In\u0161pekcia je najuzn\u00e1vanej\u0161ou a tradi\u010dnou met\u00f3dou kontroly kvality a st\u00e1le sa pou\u017e\u00edva v mnoh\u00fdch priemyseln\u00fdch odvetviach. Na zabezpe\u010denie kvality sa spolieha na kontrolu hotov\u00e9ho v\u00fdrobku. M\u00f4\u017ee tie\u017e pou\u017ei\u0165 ur\u010dit\u00fa kontrolu alebo odber vzoriek po\u010das cesty, ale rozhoduj\u00facim faktorom je kone\u010dn\u00e1 kontrola. Kontrola kvality riaden\u00e1 kontrolou sa vo ve\u013ekej miere spolieha na spr\u00e1vne v\u00fdrobn\u00e9 postupy a dokument\u00e1ciu predajcami a dod\u00e1vate\u013emi, tak\u017ee je zaru\u010den\u00e9, \u017ee prich\u00e1dzaj\u00faci materi\u00e1l sp\u013a\u0148a po\u017eadovan\u00e9 normy kvality.<\/p>\n\n\n\n<h4 class=\"wp-block-heading\">Typy inspekc\u00ed:<\/h4>\n\n\n\n<ul>\n<li>Vstupn\u00ed, v\u00fdstupn\u00ed, meziopera\u010dn\u00ed, CSL1, CSL2, Firewall, uvoln\u011bn\u00ed\/ukon\u010den\u00ed v\u00fdroby.<\/li>\n<\/ul>\n\n\n\n<p><strong>V zavere prebehne, zhroma\u017e\u010fovanie \u00fadajov:<\/strong><\/p>\n\n\n\n<p>Pou\u017e\u00edvame \u00fadaje od dod\u00e1vate\u013eov, pl\u00e1nova\u010dov, z\u00e1sob, v\u00fdrobn\u00fdch strojov a fin\u00e1lnej objednavky&nbsp; Pri zozbieravani \u00fadajov ide o \u010dasovo n\u00e1ro\u010dn\u00fd proces n\u00e1chyln\u00fd na chyby. V\u010faka automatizovan\u00e9mu zberu d\u00e1t s\u00fa d\u00e1ta dostupn\u00e9 v re\u00e1lnom \u010dase.<\/p>\n","protected":false},"excerpt":{"rendered":"<p>K\u013e\u00fa\u010dom k riadeniu programov kontroly kvality je zabezpe\u010denie pr\u00edsneho dodr\u017eiavania \u0161tandardizovan\u00fdch procesov.<\/p>\n","protected":false},"author":2,"featured_media":511,"parent":240,"menu_order":20,"comment_status":"closed","ping_status":"closed","template":"template-service.blade.php","meta":[],"acf":[],"yoast_head":"<!-- This site is optimized with the Yoast SEO plugin v20.4 - https:\/\/yoast.com\/wordpress\/plugins\/seo\/ -->\n<title>Solveo Quality | Solveo s.r.o.<\/title>\n<meta name=\"robots\" content=\"noindex, follow, max-snippet:-1, max-image-preview:large, max-video-preview:-1\" \/>\n<meta property=\"og:locale\" content=\"sk_SK\" \/>\n<meta property=\"og:type\" content=\"article\" \/>\n<meta property=\"og:title\" content=\"Solveo Quality | Solveo s.r.o.\" \/>\n<meta property=\"og:description\" content=\"K\u013e\u00fa\u010dom k riadeniu programov kontroly kvality je zabezpe\u010denie pr\u00edsneho dodr\u017eiavania \u0161tandardizovan\u00fdch procesov.\" \/>\n<meta property=\"og:url\" content=\"https:\/\/solveosolutions.tamtomy.cz\/sk\/sluzby\/outsourcing-kontroly-kvality\/\" \/>\n<meta property=\"og:site_name\" content=\"Solveo s.r.o.\" \/>\n<meta property=\"article:modified_time\" content=\"2025-02-11T08:51:59+00:00\" \/>\n<meta property=\"og:image\" content=\"https:\/\/solveosolutions.tamtomy.cz\/app\/uploads\/2024\/06\/quality-card-1.png\" \/>\n\t<meta property=\"og:image:width\" content=\"1016\" \/>\n\t<meta property=\"og:image:height\" content=\"1132\" \/>\n\t<meta property=\"og:image:type\" content=\"image\/png\" \/>\n<meta name=\"twitter:card\" content=\"summary_large_image\" \/>\n<meta name=\"twitter:label1\" content=\"Est. reading time\" \/>\n\t<meta name=\"twitter:data1\" content=\"3 minutes\" \/>\n<script type=\"application\/ld+json\" class=\"yoast-schema-graph\">{\"@context\":\"https:\/\/schema.org\",\"@graph\":[{\"@type\":\"WebPage\",\"@id\":\"https:\/\/solveosolutions.tamtomy.cz\/sk\/sluzby\/outsourcing-kontroly-kvality\/\",\"url\":\"https:\/\/solveosolutions.tamtomy.cz\/sk\/sluzby\/outsourcing-kontroly-kvality\/\",\"name\":\"Solveo Quality | Solveo s.r.o.\",\"isPartOf\":{\"@id\":\"https:\/\/solveosolutions.tamtomy.cz\/sk\/#website\"},\"datePublished\":\"2023-03-30T05:26:45+00:00\",\"dateModified\":\"2025-02-11T08:51:59+00:00\",\"breadcrumb\":{\"@id\":\"https:\/\/solveosolutions.tamtomy.cz\/sk\/sluzby\/outsourcing-kontroly-kvality\/#breadcrumb\"},\"inLanguage\":\"sk-SK\",\"potentialAction\":[{\"@type\":\"ReadAction\",\"target\":[\"https:\/\/solveosolutions.tamtomy.cz\/sk\/sluzby\/outsourcing-kontroly-kvality\/\"]}]},{\"@type\":\"BreadcrumbList\",\"@id\":\"https:\/\/solveosolutions.tamtomy.cz\/sk\/sluzby\/outsourcing-kontroly-kvality\/#breadcrumb\",\"itemListElement\":[{\"@type\":\"ListItem\",\"position\":1,\"name\":\"Dom\u016f\",\"item\":\"https:\/\/solveosolutions.tamtomy.cz\/sk\/\"},{\"@type\":\"ListItem\",\"position\":2,\"name\":\"Slu\u017eby\",\"item\":\"https:\/\/solveosolutions.tamtomy.cz\/sk\/sluzby\/\"},{\"@type\":\"ListItem\",\"position\":3,\"name\":\"Solveo Quality\"}]},{\"@type\":\"WebSite\",\"@id\":\"https:\/\/solveosolutions.tamtomy.cz\/sk\/#website\",\"url\":\"https:\/\/solveosolutions.tamtomy.cz\/sk\/\",\"name\":\"Profesion\u00e1ln\u00ed outsourcing\",\"description\":\"\",\"publisher\":{\"@id\":\"https:\/\/solveosolutions.tamtomy.cz\/sk\/#organization\"},\"potentialAction\":[{\"@type\":\"SearchAction\",\"target\":{\"@type\":\"EntryPoint\",\"urlTemplate\":\"https:\/\/solveosolutions.tamtomy.cz\/sk\/?s={search_term_string}\"},\"query-input\":\"required name=search_term_string\"}],\"inLanguage\":\"sk-SK\"},{\"@type\":\"Organization\",\"@id\":\"https:\/\/solveosolutions.tamtomy.cz\/sk\/#organization\",\"name\":\"Solveo s.r.o.\",\"url\":\"https:\/\/solveosolutions.tamtomy.cz\/sk\/\",\"logo\":{\"@type\":\"ImageObject\",\"inLanguage\":\"sk-SK\",\"@id\":\"https:\/\/solveosolutions.tamtomy.cz\/sk\/#\/schema\/logo\/image\/\",\"url\":\"https:\/\/solveosolutions.tamtomy.cz\/app\/uploads\/2023\/04\/logo.svg\",\"contentUrl\":\"https:\/\/solveosolutions.tamtomy.cz\/app\/uploads\/2023\/04\/logo.svg\",\"width\":1,\"height\":1,\"caption\":\"Solveo s.r.o.\"},\"image\":{\"@id\":\"https:\/\/solveosolutions.tamtomy.cz\/sk\/#\/schema\/logo\/image\/\"}}]}<\/script>\n<!-- \/ Yoast SEO plugin. -->","yoast_head_json":{"title":"Solveo Quality | Solveo s.r.o.","robots":{"index":"noindex","follow":"follow","max-snippet":"max-snippet:-1","max-image-preview":"max-image-preview:large","max-video-preview":"max-video-preview:-1"},"og_locale":"sk_SK","og_type":"article","og_title":"Solveo Quality | Solveo s.r.o.","og_description":"K\u013e\u00fa\u010dom k riadeniu programov kontroly kvality je zabezpe\u010denie pr\u00edsneho dodr\u017eiavania \u0161tandardizovan\u00fdch procesov.","og_url":"https:\/\/solveosolutions.tamtomy.cz\/sk\/sluzby\/outsourcing-kontroly-kvality\/","og_site_name":"Solveo s.r.o.","article_modified_time":"2025-02-11T08:51:59+00:00","og_image":[{"width":1016,"height":1132,"url":"https:\/\/solveosolutions.tamtomy.cz\/app\/uploads\/2024\/06\/quality-card-1.png","type":"image\/png"}],"twitter_card":"summary_large_image","twitter_misc":{"Est. reading time":"3 minutes"},"schema":{"@context":"https:\/\/schema.org","@graph":[{"@type":"WebPage","@id":"https:\/\/solveosolutions.tamtomy.cz\/sk\/sluzby\/outsourcing-kontroly-kvality\/","url":"https:\/\/solveosolutions.tamtomy.cz\/sk\/sluzby\/outsourcing-kontroly-kvality\/","name":"Solveo Quality | Solveo s.r.o.","isPartOf":{"@id":"https:\/\/solveosolutions.tamtomy.cz\/sk\/#website"},"datePublished":"2023-03-30T05:26:45+00:00","dateModified":"2025-02-11T08:51:59+00:00","breadcrumb":{"@id":"https:\/\/solveosolutions.tamtomy.cz\/sk\/sluzby\/outsourcing-kontroly-kvality\/#breadcrumb"},"inLanguage":"sk-SK","potentialAction":[{"@type":"ReadAction","target":["https:\/\/solveosolutions.tamtomy.cz\/sk\/sluzby\/outsourcing-kontroly-kvality\/"]}]},{"@type":"BreadcrumbList","@id":"https:\/\/solveosolutions.tamtomy.cz\/sk\/sluzby\/outsourcing-kontroly-kvality\/#breadcrumb","itemListElement":[{"@type":"ListItem","position":1,"name":"Dom\u016f","item":"https:\/\/solveosolutions.tamtomy.cz\/sk\/"},{"@type":"ListItem","position":2,"name":"Slu\u017eby","item":"https:\/\/solveosolutions.tamtomy.cz\/sk\/sluzby\/"},{"@type":"ListItem","position":3,"name":"Solveo Quality"}]},{"@type":"WebSite","@id":"https:\/\/solveosolutions.tamtomy.cz\/sk\/#website","url":"https:\/\/solveosolutions.tamtomy.cz\/sk\/","name":"Profesion\u00e1ln\u00ed outsourcing","description":"","publisher":{"@id":"https:\/\/solveosolutions.tamtomy.cz\/sk\/#organization"},"potentialAction":[{"@type":"SearchAction","target":{"@type":"EntryPoint","urlTemplate":"https:\/\/solveosolutions.tamtomy.cz\/sk\/?s={search_term_string}"},"query-input":"required name=search_term_string"}],"inLanguage":"sk-SK"},{"@type":"Organization","@id":"https:\/\/solveosolutions.tamtomy.cz\/sk\/#organization","name":"Solveo s.r.o.","url":"https:\/\/solveosolutions.tamtomy.cz\/sk\/","logo":{"@type":"ImageObject","inLanguage":"sk-SK","@id":"https:\/\/solveosolutions.tamtomy.cz\/sk\/#\/schema\/logo\/image\/","url":"https:\/\/solveosolutions.tamtomy.cz\/app\/uploads\/2023\/04\/logo.svg","contentUrl":"https:\/\/solveosolutions.tamtomy.cz\/app\/uploads\/2023\/04\/logo.svg","width":1,"height":1,"caption":"Solveo s.r.o."},"image":{"@id":"https:\/\/solveosolutions.tamtomy.cz\/sk\/#\/schema\/logo\/image\/"}}]}},"_links":{"self":[{"href":"https:\/\/solveosolutions.tamtomy.cz\/sk\/wp-json\/wp\/v2\/pages\/249"}],"collection":[{"href":"https:\/\/solveosolutions.tamtomy.cz\/sk\/wp-json\/wp\/v2\/pages"}],"about":[{"href":"https:\/\/solveosolutions.tamtomy.cz\/sk\/wp-json\/wp\/v2\/types\/page"}],"author":[{"embeddable":true,"href":"https:\/\/solveosolutions.tamtomy.cz\/sk\/wp-json\/wp\/v2\/users\/2"}],"replies":[{"embeddable":true,"href":"https:\/\/solveosolutions.tamtomy.cz\/sk\/wp-json\/wp\/v2\/comments?post=249"}],"version-history":[{"count":7,"href":"https:\/\/solveosolutions.tamtomy.cz\/sk\/wp-json\/wp\/v2\/pages\/249\/revisions"}],"predecessor-version":[{"id":560,"href":"https:\/\/solveosolutions.tamtomy.cz\/sk\/wp-json\/wp\/v2\/pages\/249\/revisions\/560"}],"up":[{"embeddable":true,"href":"https:\/\/solveosolutions.tamtomy.cz\/sk\/wp-json\/wp\/v2\/pages\/240"}],"wp:featuredmedia":[{"embeddable":true,"href":"https:\/\/solveosolutions.tamtomy.cz\/sk\/wp-json\/wp\/v2\/media\/511"}],"wp:attachment":[{"href":"https:\/\/solveosolutions.tamtomy.cz\/sk\/wp-json\/wp\/v2\/media?parent=249"}],"curies":[{"name":"wp","href":"https:\/\/api.w.org\/{rel}","templated":true}]}}