{"id":251,"date":"2023-03-30T07:27:29","date_gmt":"2023-03-30T05:27:29","guid":{"rendered":"https:\/\/solveosolutions.tamtomy.cz\/?page_id=251"},"modified":"2025-02-11T09:20:54","modified_gmt":"2025-02-11T08:20:54","slug":"outsourcing-logistiky","status":"publish","type":"page","link":"https:\/\/solveosolutions.tamtomy.cz\/sk\/sluzby\/outsourcing-logistiky\/","title":{"rendered":"Solveo Logistics"},"content":{"rendered":"\n<h2 class=\"wp-block-heading\">Outsourcing Logistiky<\/h2>\n\n\n\n<p>Logistick\u00fd outsourcing je prenesenie zodpovednosti za riadenie a\u00a0realiz\u00e1ciu logistick\u00fdch oper\u00e1ci\u00ed na extern\u00e9ho poskytovatelia slu\u017eieb. M\u00f4\u017ee to zah\u0155\u0148a\u0165 prepravu, skladovanie, distrib\u00faciu a\u00a0\u010fal\u0161ie s\u00favisiace slu\u017eby. \u0160pecializujeme sa na poskytovanie komplexn\u00fdch slu\u017eieb v\u00a0oblasti intra podnikovej logistiky.<\/p>\n\n\n\n<h3 class=\"wp-block-heading\">Medzi na\u0161e hlavn\u00e9 logistick\u00e9 \u010dinnosti patr\u00ed:<\/h3>\n\n\n\n<div class=\"wp-block-columns wp-container-3\">\n<div class=\"wp-block-column\" style=\"flex-basis:66.66%\">\n<ul>\n<li>Pr\u00edjem a v\u00fddaj tovaru<\/li>\n\n\n\n<li>Skladovanie<\/li>\n\n\n\n<li>Evidencia<\/li>\n\n\n\n<li>Kontrola<\/li>\n\n\n\n<li>Reporting<\/li>\n\n\n\n<li>Balen\u00ed<\/li>\n\n\n\n<li>\u0160t\u00edtkov\u00e1n\u00ed<\/li>\n\n\n\n<li>P\u0159\u00edprava k\u00a0expedici<\/li>\n\n\n\n<li>Dokumentace (vystaven\u00ed DL, CMR)<\/li>\n<\/ul>\n<\/div>\n\n\n\n<div class=\"wp-block-column\" style=\"flex-basis:33.33%\">\n<figure class=\"wp-block-image size-full\"><img decoding=\"async\" loading=\"lazy\" width=\"730\" height=\"486\" src=\"https:\/\/solveosolutions.tamtomy.cz\/app\/uploads\/2023\/04\/Obrazek6.png\" alt=\"Solveo Logistics\" class=\"wp-image-287\" srcset=\"https:\/\/solveosolutions.tamtomy.cz\/app\/uploads\/2023\/04\/Obrazek6.png 730w, https:\/\/solveosolutions.tamtomy.cz\/app\/uploads\/2023\/04\/Obrazek6-300x200.png 300w\" sizes=\"(max-width: 730px) 100vw, 730px\" \/><\/figure>\n<\/div>\n<\/div>\n\n\n\n<div class=\"wp-block-columns wp-container-6\">\n<div class=\"wp-block-column\">\n<h3 class=\"wp-block-heading\">Pre\u010do by ste si mali vybra\u0165 pr\u00e1ve n\u00e1s?<\/h3>\n\n\n\n<ul>\n<li>Na trhu sme u\u017e viac ako 20 rokov<\/li>\n\n\n\n<li>Poskytujeme vysokou flexibilitu<\/li>\n\n\n\n<li>V\u00fdhodn\u00e9 podmienky<\/li>\n\n\n\n<li>Efekt\u00edvne rie\u0161enia<\/li>\n\n\n\n<li>Komplexnos\u0165 slu\u017eieb<\/li>\n\n\n\n<li>Vysoko kvalifikovan\u00fd person\u00e1l<\/li>\n\n\n\n<li>Nastavenie procesov na mieru \/ Projekt na m\u00edru<\/li>\n<\/ul>\n<\/div>\n\n\n\n<div class=\"wp-block-column\">\n<h3 class=\"wp-block-heading\">\u010co na\u0161a slu\u017eba prinesie<\/h3>\n\n\n\n<ul>\n<li>\u00dasporu \u010dasu, energie a n\u00e1klady pre HR n\u00e1bor<\/li>\n\n\n\n<li>Zn\u00ed\u017eenie administrat\u00edvy<\/li>\n\n\n\n<li>V\u00fdber kvalifikovan\u00fdch \u013eud\u00ed<\/li>\n\n\n\n<li>\u0160etrenie n\u00e1kladov<\/li>\n\n\n\n<li>\u0160etren\u00ed \u017eivotn\u00edho prost\u0159ed\u00ed \u2013 rework = sn\u00ed\u017een\u00ed odpadu = sn\u00ed\u017een\u00ed n\u00e1klad\u016f<\/li>\n\n\n\n<li>Flexibilitu v obdob\u00ed nav\u00fd\u0161en\u00ed\/pon\u00ed\u017een\u00ed po\u017eadavk\u016f<\/li>\n\n\n\n<li>Z\u00e1kazn\u00edk se m\u016f\u017eeme zam\u011b\u0159ovat na sv\u00e9 prim\u00e1rn\u00ed hodnototvorn\u00e9 \u010dinnosti (v\u00fdvoj, marketing, prodej atd.)<\/li>\n<\/ul>\n<\/div>\n<\/div>\n\n\n\n<p><\/p>\n","protected":false},"excerpt":{"rendered":"<p>Outsourcing Logistiky Logistick\u00fd outsourcing je prenesenie zodpovednosti za riadenie a\u00a0realiz\u00e1ciu logistick\u00fdch oper\u00e1ci\u00ed na extern\u00e9ho poskytovatelia slu\u017eieb. M\u00f4\u017ee to zah\u0155\u0148a\u0165 prepravu,&#8230;<\/p>\n","protected":false},"author":2,"featured_media":507,"parent":240,"menu_order":30,"comment_status":"closed","ping_status":"closed","template":"template-service.blade.php","meta":[],"acf":[],"yoast_head":"<!-- This site is optimized with the Yoast SEO plugin v20.4 - https:\/\/yoast.com\/wordpress\/plugins\/seo\/ -->\n<title>Solveo Logistics | Solveo s.r.o.<\/title>\n<meta name=\"robots\" content=\"noindex, follow, max-snippet:-1, max-image-preview:large, max-video-preview:-1\" \/>\n<meta property=\"og:locale\" content=\"sk_SK\" \/>\n<meta property=\"og:type\" content=\"article\" \/>\n<meta property=\"og:title\" content=\"Solveo Logistics | Solveo s.r.o.\" \/>\n<meta property=\"og:description\" content=\"Outsourcing Logistiky Logistick\u00fd outsourcing je prenesenie zodpovednosti za riadenie a\u00a0realiz\u00e1ciu logistick\u00fdch oper\u00e1ci\u00ed na extern\u00e9ho poskytovatelia slu\u017eieb. M\u00f4\u017ee to zah\u0155\u0148a\u0165 prepravu,...\" \/>\n<meta property=\"og:url\" content=\"https:\/\/solveosolutions.tamtomy.cz\/sk\/sluzby\/outsourcing-logistiky\/\" \/>\n<meta property=\"og:site_name\" content=\"Solveo s.r.o.\" \/>\n<meta property=\"article:modified_time\" content=\"2025-02-11T08:20:54+00:00\" \/>\n<meta property=\"og:image\" content=\"https:\/\/solveosolutions.tamtomy.cz\/app\/uploads\/2024\/06\/logistics-card-1.png\" \/>\n\t<meta property=\"og:image:width\" content=\"1018\" \/>\n\t<meta property=\"og:image:height\" content=\"1134\" \/>\n\t<meta property=\"og:image:type\" content=\"image\/png\" \/>\n<meta name=\"twitter:card\" content=\"summary_large_image\" \/>\n<meta name=\"twitter:label1\" content=\"Est. reading time\" \/>\n\t<meta name=\"twitter:data1\" content=\"1 minute\" \/>\n<script type=\"application\/ld+json\" class=\"yoast-schema-graph\">{\"@context\":\"https:\/\/schema.org\",\"@graph\":[{\"@type\":\"WebPage\",\"@id\":\"https:\/\/solveosolutions.tamtomy.cz\/sk\/sluzby\/outsourcing-logistiky\/\",\"url\":\"https:\/\/solveosolutions.tamtomy.cz\/sk\/sluzby\/outsourcing-logistiky\/\",\"name\":\"Solveo Logistics | Solveo s.r.o.\",\"isPartOf\":{\"@id\":\"https:\/\/solveosolutions.tamtomy.cz\/sk\/#website\"},\"datePublished\":\"2023-03-30T05:27:29+00:00\",\"dateModified\":\"2025-02-11T08:20:54+00:00\",\"breadcrumb\":{\"@id\":\"https:\/\/solveosolutions.tamtomy.cz\/sk\/sluzby\/outsourcing-logistiky\/#breadcrumb\"},\"inLanguage\":\"sk-SK\",\"potentialAction\":[{\"@type\":\"ReadAction\",\"target\":[\"https:\/\/solveosolutions.tamtomy.cz\/sk\/sluzby\/outsourcing-logistiky\/\"]}]},{\"@type\":\"BreadcrumbList\",\"@id\":\"https:\/\/solveosolutions.tamtomy.cz\/sk\/sluzby\/outsourcing-logistiky\/#breadcrumb\",\"itemListElement\":[{\"@type\":\"ListItem\",\"position\":1,\"name\":\"Dom\u016f\",\"item\":\"https:\/\/solveosolutions.tamtomy.cz\/sk\/\"},{\"@type\":\"ListItem\",\"position\":2,\"name\":\"Slu\u017eby\",\"item\":\"https:\/\/solveosolutions.tamtomy.cz\/sk\/sluzby\/\"},{\"@type\":\"ListItem\",\"position\":3,\"name\":\"Solveo Logistics\"}]},{\"@type\":\"WebSite\",\"@id\":\"https:\/\/solveosolutions.tamtomy.cz\/sk\/#website\",\"url\":\"https:\/\/solveosolutions.tamtomy.cz\/sk\/\",\"name\":\"Profesion\u00e1ln\u00ed outsourcing\",\"description\":\"\",\"publisher\":{\"@id\":\"https:\/\/solveosolutions.tamtomy.cz\/sk\/#organization\"},\"potentialAction\":[{\"@type\":\"SearchAction\",\"target\":{\"@type\":\"EntryPoint\",\"urlTemplate\":\"https:\/\/solveosolutions.tamtomy.cz\/sk\/?s={search_term_string}\"},\"query-input\":\"required name=search_term_string\"}],\"inLanguage\":\"sk-SK\"},{\"@type\":\"Organization\",\"@id\":\"https:\/\/solveosolutions.tamtomy.cz\/sk\/#organization\",\"name\":\"Solveo s.r.o.\",\"url\":\"https:\/\/solveosolutions.tamtomy.cz\/sk\/\",\"logo\":{\"@type\":\"ImageObject\",\"inLanguage\":\"sk-SK\",\"@id\":\"https:\/\/solveosolutions.tamtomy.cz\/sk\/#\/schema\/logo\/image\/\",\"url\":\"https:\/\/solveosolutions.tamtomy.cz\/app\/uploads\/2023\/04\/logo.svg\",\"contentUrl\":\"https:\/\/solveosolutions.tamtomy.cz\/app\/uploads\/2023\/04\/logo.svg\",\"width\":1,\"height\":1,\"caption\":\"Solveo s.r.o.\"},\"image\":{\"@id\":\"https:\/\/solveosolutions.tamtomy.cz\/sk\/#\/schema\/logo\/image\/\"}}]}<\/script>\n<!-- \/ Yoast SEO plugin. -->","yoast_head_json":{"title":"Solveo Logistics | Solveo s.r.o.","robots":{"index":"noindex","follow":"follow","max-snippet":"max-snippet:-1","max-image-preview":"max-image-preview:large","max-video-preview":"max-video-preview:-1"},"og_locale":"sk_SK","og_type":"article","og_title":"Solveo Logistics | Solveo s.r.o.","og_description":"Outsourcing Logistiky Logistick\u00fd outsourcing je prenesenie zodpovednosti za riadenie a\u00a0realiz\u00e1ciu logistick\u00fdch oper\u00e1ci\u00ed na extern\u00e9ho poskytovatelia slu\u017eieb. M\u00f4\u017ee to zah\u0155\u0148a\u0165 prepravu,...","og_url":"https:\/\/solveosolutions.tamtomy.cz\/sk\/sluzby\/outsourcing-logistiky\/","og_site_name":"Solveo s.r.o.","article_modified_time":"2025-02-11T08:20:54+00:00","og_image":[{"width":1018,"height":1134,"url":"https:\/\/solveosolutions.tamtomy.cz\/app\/uploads\/2024\/06\/logistics-card-1.png","type":"image\/png"}],"twitter_card":"summary_large_image","twitter_misc":{"Est. reading time":"1 minute"},"schema":{"@context":"https:\/\/schema.org","@graph":[{"@type":"WebPage","@id":"https:\/\/solveosolutions.tamtomy.cz\/sk\/sluzby\/outsourcing-logistiky\/","url":"https:\/\/solveosolutions.tamtomy.cz\/sk\/sluzby\/outsourcing-logistiky\/","name":"Solveo Logistics | Solveo s.r.o.","isPartOf":{"@id":"https:\/\/solveosolutions.tamtomy.cz\/sk\/#website"},"datePublished":"2023-03-30T05:27:29+00:00","dateModified":"2025-02-11T08:20:54+00:00","breadcrumb":{"@id":"https:\/\/solveosolutions.tamtomy.cz\/sk\/sluzby\/outsourcing-logistiky\/#breadcrumb"},"inLanguage":"sk-SK","potentialAction":[{"@type":"ReadAction","target":["https:\/\/solveosolutions.tamtomy.cz\/sk\/sluzby\/outsourcing-logistiky\/"]}]},{"@type":"BreadcrumbList","@id":"https:\/\/solveosolutions.tamtomy.cz\/sk\/sluzby\/outsourcing-logistiky\/#breadcrumb","itemListElement":[{"@type":"ListItem","position":1,"name":"Dom\u016f","item":"https:\/\/solveosolutions.tamtomy.cz\/sk\/"},{"@type":"ListItem","position":2,"name":"Slu\u017eby","item":"https:\/\/solveosolutions.tamtomy.cz\/sk\/sluzby\/"},{"@type":"ListItem","position":3,"name":"Solveo Logistics"}]},{"@type":"WebSite","@id":"https:\/\/solveosolutions.tamtomy.cz\/sk\/#website","url":"https:\/\/solveosolutions.tamtomy.cz\/sk\/","name":"Profesion\u00e1ln\u00ed outsourcing","description":"","publisher":{"@id":"https:\/\/solveosolutions.tamtomy.cz\/sk\/#organization"},"potentialAction":[{"@type":"SearchAction","target":{"@type":"EntryPoint","urlTemplate":"https:\/\/solveosolutions.tamtomy.cz\/sk\/?s={search_term_string}"},"query-input":"required name=search_term_string"}],"inLanguage":"sk-SK"},{"@type":"Organization","@id":"https:\/\/solveosolutions.tamtomy.cz\/sk\/#organization","name":"Solveo s.r.o.","url":"https:\/\/solveosolutions.tamtomy.cz\/sk\/","logo":{"@type":"ImageObject","inLanguage":"sk-SK","@id":"https:\/\/solveosolutions.tamtomy.cz\/sk\/#\/schema\/logo\/image\/","url":"https:\/\/solveosolutions.tamtomy.cz\/app\/uploads\/2023\/04\/logo.svg","contentUrl":"https:\/\/solveosolutions.tamtomy.cz\/app\/uploads\/2023\/04\/logo.svg","width":1,"height":1,"caption":"Solveo s.r.o."},"image":{"@id":"https:\/\/solveosolutions.tamtomy.cz\/sk\/#\/schema\/logo\/image\/"}}]}},"_links":{"self":[{"href":"https:\/\/solveosolutions.tamtomy.cz\/sk\/wp-json\/wp\/v2\/pages\/251"}],"collection":[{"href":"https:\/\/solveosolutions.tamtomy.cz\/sk\/wp-json\/wp\/v2\/pages"}],"about":[{"href":"https:\/\/solveosolutions.tamtomy.cz\/sk\/wp-json\/wp\/v2\/types\/page"}],"author":[{"embeddable":true,"href":"https:\/\/solveosolutions.tamtomy.cz\/sk\/wp-json\/wp\/v2\/users\/2"}],"replies":[{"embeddable":true,"href":"https:\/\/solveosolutions.tamtomy.cz\/sk\/wp-json\/wp\/v2\/comments?post=251"}],"version-history":[{"count":6,"href":"https:\/\/solveosolutions.tamtomy.cz\/sk\/wp-json\/wp\/v2\/pages\/251\/revisions"}],"predecessor-version":[{"id":556,"href":"https:\/\/solveosolutions.tamtomy.cz\/sk\/wp-json\/wp\/v2\/pages\/251\/revisions\/556"}],"up":[{"embeddable":true,"href":"https:\/\/solveosolutions.tamtomy.cz\/sk\/wp-json\/wp\/v2\/pages\/240"}],"wp:featuredmedia":[{"embeddable":true,"href":"https:\/\/solveosolutions.tamtomy.cz\/sk\/wp-json\/wp\/v2\/media\/507"}],"wp:attachment":[{"href":"https:\/\/solveosolutions.tamtomy.cz\/sk\/wp-json\/wp\/v2\/media?parent=251"}],"curies":[{"name":"wp","href":"https:\/\/api.w.org\/{rel}","templated":true}]}}