{"id":257,"date":"2023-03-29T20:04:11","date_gmt":"2023-03-29T18:04:11","guid":{"rendered":"https:\/\/solveosolutions.tamtomy.cz\/?page_id=257"},"modified":"2023-04-04T10:29:31","modified_gmt":"2023-04-04T08:29:31","slug":"o-solveu","status":"publish","type":"page","link":"https:\/\/solveosolutions.tamtomy.cz\/sk\/o-solveu\/","title":{"rendered":"O Solveo"},"content":{"rendered":"\n<p>Spolo\u010dnos\u0165 SOLVEO vznikla zl\u00fa\u010den\u00edm nieko\u013ek\u00fdch spolo\u010dnost\u00ed, ktor\u00fdch hist\u00f3ria siaha a\u017e do roku 1999.<\/p>\n\n\n\n<p>T\u00edm spolo\u010dnosti Solveo pracuje na vytv\u00e1ran\u00ed jedine\u010dn\u00fdch rie\u0161en\u00ed v oblasti profesion\u00e1lneho outsourcingu, ktor\u00e9 pom\u00e1haj\u00fa zv\u00fd\u0161eniu efektivity u na\u0161ich z\u00e1kazn\u00edkov.<\/p>\n\n\n\n<p>V\u00e1\u017eime si dlhodob\u00fdch vz\u0165ahov s na\u0161imi z\u00e1kazn\u00edkmi, ktor\u00e9 s\u00fa zalo\u017een\u00e9 na produktivite a otvorenosti.<\/p>\n\n\n\n<p><\/p>\n\n\n\n<div class=\"wp-block-columns are-vertically-aligned-center wp-container-3\">\n<div class=\"wp-block-column is-vertically-aligned-center\"><\/div>\n\n\n\n<div class=\"wp-block-column is-vertically-aligned-center\"><\/div>\n<\/div>\n\n\n\n<p><\/p>\n\n\n\n<figure class=\"wp-block-gallery has-nested-images columns-4 is-cropped wp-block-gallery-4\">\n<figure class=\"wp-block-image size-full\"><a href=\"https:\/\/solveosolutions.tamtomy.cz\/app\/uploads\/2023\/04\/Obrazek6.png\"><img decoding=\"async\" loading=\"lazy\" width=\"730\" height=\"486\" data-id=\"286\"  src=\"https:\/\/solveosolutions.tamtomy.cz\/app\/uploads\/2023\/04\/Obrazek6.png\" alt=\"O Solveo\" class=\"wp-image-286\" srcset=\"https:\/\/solveosolutions.tamtomy.cz\/app\/uploads\/2023\/04\/Obrazek6.png 730w, https:\/\/solveosolutions.tamtomy.cz\/app\/uploads\/2023\/04\/Obrazek6-300x200.png 300w\" sizes=\"(max-width: 730px) 100vw, 730px\" \/><\/a><\/figure>\n\n\n\n<figure class=\"wp-block-image size-full\"><a href=\"https:\/\/solveosolutions.tamtomy.cz\/app\/uploads\/2023\/04\/Obrazek7.png\"><img decoding=\"async\" loading=\"lazy\" width=\"731\" height=\"486\" data-id=\"291\"  src=\"https:\/\/solveosolutions.tamtomy.cz\/app\/uploads\/2023\/04\/Obrazek7.png\" alt=\"O Solveo\" class=\"wp-image-291\" srcset=\"https:\/\/solveosolutions.tamtomy.cz\/app\/uploads\/2023\/04\/Obrazek7.png 731w, https:\/\/solveosolutions.tamtomy.cz\/app\/uploads\/2023\/04\/Obrazek7-300x199.png 300w\" sizes=\"(max-width: 731px) 100vw, 731px\" \/><\/a><\/figure>\n\n\n\n<figure class=\"wp-block-image size-full\"><a href=\"https:\/\/solveosolutions.tamtomy.cz\/app\/uploads\/2023\/04\/Obrazek8.png\"><img decoding=\"async\" loading=\"lazy\" width=\"690\" height=\"988\" data-id=\"295\"  src=\"https:\/\/solveosolutions.tamtomy.cz\/app\/uploads\/2023\/04\/Obrazek8.png\" alt=\"O Solveo\" class=\"wp-image-295\" srcset=\"https:\/\/solveosolutions.tamtomy.cz\/app\/uploads\/2023\/04\/Obrazek8.png 690w, https:\/\/solveosolutions.tamtomy.cz\/app\/uploads\/2023\/04\/Obrazek8-210x300.png 210w\" sizes=\"(max-width: 690px) 100vw, 690px\" \/><\/a><\/figure>\n\n\n\n<figure class=\"wp-block-image size-full\"><a href=\"https:\/\/solveosolutions.tamtomy.cz\/app\/uploads\/2023\/04\/Obrazek9.png\"><img decoding=\"async\" loading=\"lazy\" width=\"686\" height=\"988\" data-id=\"299\"  src=\"https:\/\/solveosolutions.tamtomy.cz\/app\/uploads\/2023\/04\/Obrazek9.png\" alt=\"O Solveo\" class=\"wp-image-299\" srcset=\"https:\/\/solveosolutions.tamtomy.cz\/app\/uploads\/2023\/04\/Obrazek9.png 686w, https:\/\/solveosolutions.tamtomy.cz\/app\/uploads\/2023\/04\/Obrazek9-208x300.png 208w\" sizes=\"(max-width: 686px) 100vw, 686px\" \/><\/a><\/figure>\n<\/figure>\n","protected":false},"excerpt":{"rendered":"<p>Spolo\u010dnos\u0165 SOLVEO vznikla zl\u00fa\u010den\u00edm nieko\u013ek\u00fdch spolo\u010dnost\u00ed, ktor\u00fdch hist\u00f3ria siaha a\u017e do roku 1999. T\u00edm spolo\u010dnosti Solveo pracuje na vytv\u00e1ran\u00ed jedine\u010dn\u00fdch&#8230;<\/p>\n","protected":false},"author":2,"featured_media":0,"parent":0,"menu_order":0,"comment_status":"closed","ping_status":"closed","template":"","meta":[],"acf":[],"yoast_head":"<!-- This site is optimized with the Yoast SEO plugin v20.4 - https:\/\/yoast.com\/wordpress\/plugins\/seo\/ -->\n<title>O Solveo | Solveo s.r.o.<\/title>\n<meta name=\"robots\" content=\"noindex, follow, max-snippet:-1, max-image-preview:large, max-video-preview:-1\" \/>\n<meta property=\"og:locale\" content=\"sk_SK\" \/>\n<meta property=\"og:type\" content=\"article\" \/>\n<meta property=\"og:title\" content=\"O Solveo | Solveo s.r.o.\" \/>\n<meta property=\"og:description\" content=\"Spolo\u010dnos\u0165 SOLVEO vznikla zl\u00fa\u010den\u00edm nieko\u013ek\u00fdch spolo\u010dnost\u00ed, ktor\u00fdch hist\u00f3ria siaha a\u017e do roku 1999. T\u00edm spolo\u010dnosti Solveo pracuje na vytv\u00e1ran\u00ed jedine\u010dn\u00fdch...\" \/>\n<meta property=\"og:url\" content=\"https:\/\/solveosolutions.tamtomy.cz\/sk\/o-solveu\/\" \/>\n<meta property=\"og:site_name\" content=\"Solveo s.r.o.\" \/>\n<meta property=\"article:modified_time\" content=\"2023-04-04T08:29:31+00:00\" \/>\n<meta property=\"og:image\" content=\"https:\/\/solveosolutions.tamtomy.cz\/app\/uploads\/2023\/04\/Obrazek6.png\" \/>\n<meta name=\"twitter:card\" content=\"summary_large_image\" \/>\n<meta name=\"twitter:label1\" content=\"Est. reading time\" \/>\n\t<meta name=\"twitter:data1\" content=\"2 minutes\" \/>\n<script type=\"application\/ld+json\" class=\"yoast-schema-graph\">{\"@context\":\"https:\/\/schema.org\",\"@graph\":[{\"@type\":\"WebPage\",\"@id\":\"https:\/\/solveosolutions.tamtomy.cz\/sk\/o-solveu\/\",\"url\":\"https:\/\/solveosolutions.tamtomy.cz\/sk\/o-solveu\/\",\"name\":\"O Solveo | Solveo s.r.o.\",\"isPartOf\":{\"@id\":\"https:\/\/solveosolutions.tamtomy.cz\/sk\/#website\"},\"datePublished\":\"2023-03-29T18:04:11+00:00\",\"dateModified\":\"2023-04-04T08:29:31+00:00\",\"breadcrumb\":{\"@id\":\"https:\/\/solveosolutions.tamtomy.cz\/sk\/o-solveu\/#breadcrumb\"},\"inLanguage\":\"sk-SK\",\"potentialAction\":[{\"@type\":\"ReadAction\",\"target\":[\"https:\/\/solveosolutions.tamtomy.cz\/sk\/o-solveu\/\"]}]},{\"@type\":\"BreadcrumbList\",\"@id\":\"https:\/\/solveosolutions.tamtomy.cz\/sk\/o-solveu\/#breadcrumb\",\"itemListElement\":[{\"@type\":\"ListItem\",\"position\":1,\"name\":\"Dom\u016f\",\"item\":\"https:\/\/solveosolutions.tamtomy.cz\/sk\/\"},{\"@type\":\"ListItem\",\"position\":2,\"name\":\"O Solveo\"}]},{\"@type\":\"WebSite\",\"@id\":\"https:\/\/solveosolutions.tamtomy.cz\/sk\/#website\",\"url\":\"https:\/\/solveosolutions.tamtomy.cz\/sk\/\",\"name\":\"Profesion\u00e1ln\u00ed outsourcing\",\"description\":\"\",\"publisher\":{\"@id\":\"https:\/\/solveosolutions.tamtomy.cz\/sk\/#organization\"},\"potentialAction\":[{\"@type\":\"SearchAction\",\"target\":{\"@type\":\"EntryPoint\",\"urlTemplate\":\"https:\/\/solveosolutions.tamtomy.cz\/sk\/?s={search_term_string}\"},\"query-input\":\"required name=search_term_string\"}],\"inLanguage\":\"sk-SK\"},{\"@type\":\"Organization\",\"@id\":\"https:\/\/solveosolutions.tamtomy.cz\/sk\/#organization\",\"name\":\"Solveo s.r.o.\",\"url\":\"https:\/\/solveosolutions.tamtomy.cz\/sk\/\",\"logo\":{\"@type\":\"ImageObject\",\"inLanguage\":\"sk-SK\",\"@id\":\"https:\/\/solveosolutions.tamtomy.cz\/sk\/#\/schema\/logo\/image\/\",\"url\":\"https:\/\/solveosolutions.tamtomy.cz\/app\/uploads\/2023\/04\/logo.svg\",\"contentUrl\":\"https:\/\/solveosolutions.tamtomy.cz\/app\/uploads\/2023\/04\/logo.svg\",\"width\":1,\"height\":1,\"caption\":\"Solveo s.r.o.\"},\"image\":{\"@id\":\"https:\/\/solveosolutions.tamtomy.cz\/sk\/#\/schema\/logo\/image\/\"}}]}<\/script>\n<!-- \/ Yoast SEO plugin. -->","yoast_head_json":{"title":"O Solveo | Solveo s.r.o.","robots":{"index":"noindex","follow":"follow","max-snippet":"max-snippet:-1","max-image-preview":"max-image-preview:large","max-video-preview":"max-video-preview:-1"},"og_locale":"sk_SK","og_type":"article","og_title":"O Solveo | Solveo s.r.o.","og_description":"Spolo\u010dnos\u0165 SOLVEO vznikla zl\u00fa\u010den\u00edm nieko\u013ek\u00fdch spolo\u010dnost\u00ed, ktor\u00fdch hist\u00f3ria siaha a\u017e do roku 1999. T\u00edm spolo\u010dnosti Solveo pracuje na vytv\u00e1ran\u00ed jedine\u010dn\u00fdch...","og_url":"https:\/\/solveosolutions.tamtomy.cz\/sk\/o-solveu\/","og_site_name":"Solveo s.r.o.","article_modified_time":"2023-04-04T08:29:31+00:00","og_image":[{"url":"https:\/\/solveosolutions.tamtomy.cz\/app\/uploads\/2023\/04\/Obrazek6.png"}],"twitter_card":"summary_large_image","twitter_misc":{"Est. reading time":"2 minutes"},"schema":{"@context":"https:\/\/schema.org","@graph":[{"@type":"WebPage","@id":"https:\/\/solveosolutions.tamtomy.cz\/sk\/o-solveu\/","url":"https:\/\/solveosolutions.tamtomy.cz\/sk\/o-solveu\/","name":"O Solveo | Solveo s.r.o.","isPartOf":{"@id":"https:\/\/solveosolutions.tamtomy.cz\/sk\/#website"},"datePublished":"2023-03-29T18:04:11+00:00","dateModified":"2023-04-04T08:29:31+00:00","breadcrumb":{"@id":"https:\/\/solveosolutions.tamtomy.cz\/sk\/o-solveu\/#breadcrumb"},"inLanguage":"sk-SK","potentialAction":[{"@type":"ReadAction","target":["https:\/\/solveosolutions.tamtomy.cz\/sk\/o-solveu\/"]}]},{"@type":"BreadcrumbList","@id":"https:\/\/solveosolutions.tamtomy.cz\/sk\/o-solveu\/#breadcrumb","itemListElement":[{"@type":"ListItem","position":1,"name":"Dom\u016f","item":"https:\/\/solveosolutions.tamtomy.cz\/sk\/"},{"@type":"ListItem","position":2,"name":"O Solveo"}]},{"@type":"WebSite","@id":"https:\/\/solveosolutions.tamtomy.cz\/sk\/#website","url":"https:\/\/solveosolutions.tamtomy.cz\/sk\/","name":"Profesion\u00e1ln\u00ed outsourcing","description":"","publisher":{"@id":"https:\/\/solveosolutions.tamtomy.cz\/sk\/#organization"},"potentialAction":[{"@type":"SearchAction","target":{"@type":"EntryPoint","urlTemplate":"https:\/\/solveosolutions.tamtomy.cz\/sk\/?s={search_term_string}"},"query-input":"required name=search_term_string"}],"inLanguage":"sk-SK"},{"@type":"Organization","@id":"https:\/\/solveosolutions.tamtomy.cz\/sk\/#organization","name":"Solveo s.r.o.","url":"https:\/\/solveosolutions.tamtomy.cz\/sk\/","logo":{"@type":"ImageObject","inLanguage":"sk-SK","@id":"https:\/\/solveosolutions.tamtomy.cz\/sk\/#\/schema\/logo\/image\/","url":"https:\/\/solveosolutions.tamtomy.cz\/app\/uploads\/2023\/04\/logo.svg","contentUrl":"https:\/\/solveosolutions.tamtomy.cz\/app\/uploads\/2023\/04\/logo.svg","width":1,"height":1,"caption":"Solveo s.r.o."},"image":{"@id":"https:\/\/solveosolutions.tamtomy.cz\/sk\/#\/schema\/logo\/image\/"}}]}},"_links":{"self":[{"href":"https:\/\/solveosolutions.tamtomy.cz\/sk\/wp-json\/wp\/v2\/pages\/257"}],"collection":[{"href":"https:\/\/solveosolutions.tamtomy.cz\/sk\/wp-json\/wp\/v2\/pages"}],"about":[{"href":"https:\/\/solveosolutions.tamtomy.cz\/sk\/wp-json\/wp\/v2\/types\/page"}],"author":[{"embeddable":true,"href":"https:\/\/solveosolutions.tamtomy.cz\/sk\/wp-json\/wp\/v2\/users\/2"}],"replies":[{"embeddable":true,"href":"https:\/\/solveosolutions.tamtomy.cz\/sk\/wp-json\/wp\/v2\/comments?post=257"}],"version-history":[{"count":9,"href":"https:\/\/solveosolutions.tamtomy.cz\/sk\/wp-json\/wp\/v2\/pages\/257\/revisions"}],"predecessor-version":[{"id":331,"href":"https:\/\/solveosolutions.tamtomy.cz\/sk\/wp-json\/wp\/v2\/pages\/257\/revisions\/331"}],"wp:attachment":[{"href":"https:\/\/solveosolutions.tamtomy.cz\/sk\/wp-json\/wp\/v2\/media?parent=257"}],"curies":[{"name":"wp","href":"https:\/\/api.w.org\/{rel}","templated":true}]}}