{"id":260,"date":"2023-03-29T12:52:46","date_gmt":"2023-03-29T10:52:46","guid":{"rendered":"https:\/\/solveosolutions.tamtomy.cz\/?page_id=260"},"modified":"2023-04-06T08:17:20","modified_gmt":"2023-04-06T06:17:20","slug":"zasady-pouzivani-souboru-cookie","status":"publish","type":"page","link":"https:\/\/solveosolutions.tamtomy.cz\/sk\/zasady-pouzivani-souboru-cookie\/","title":{"rendered":"Z\u00e1sady pou\u017e\u00edvania s\u00faborov cookie"},"content":{"rendered":"<h5>\u010co je to cookie?<\/h5>\n<div>\n<p>&#8220;S\u00fabory cookie&#8221; s\u00fa mal\u00e9 textov\u00e9 s\u00fabory, ktor\u00e9 sa ukladaj\u00fa na po\u010d\u00edta\u010di alebo mobilnom zariaden\u00ed, ke\u010f si prezer\u00e1te webov\u00e9 str\u00e1nky. S\u00fabory cookie s\u00fa v\u0161eobecne pou\u017e\u00edvan\u00e9 na to, aby webov\u00e9 str\u00e1nky fungovali efekt\u00edvnej\u0161ie, m\u00f4\u017eu obsahova\u0165 \u00fadaje s\u00favisiace s funkciou alebo zobrazen\u00edm str\u00e1nok, alebo m\u00f4\u017eu webov\u00fdm str\u00e1nkam umo\u017eni\u0165 &#8220;zapam\u00e4ta\u0165 si&#8221; Va\u0161e aktivity alebo preferencie po ur\u010dit\u00e9 \u010dasov\u00e9 obdobie.<\/p>\n<\/div>\n<h5>Pre\u010do pou\u017e\u00edvame cookies?<\/h5>\n<div>\n<p>S\u00fabory cookie pou\u017e\u00edvame z r\u00f4znych d\u00f4vodov, ktor\u00e9 s\u00fa podrobne uveden\u00e9 ni\u017e\u0161ie, ako napr\u00edklad pre z\u00e1kladn\u00e9 oper\u00e1cie, navig\u00e1ciu na str\u00e1nkach a na zlep\u0161enie Va\u0161ich sk\u00fasenost\u00ed po\u010das n\u00e1v\u0161tevy na\u0161ej webovej str\u00e1nky. \u010ealej pou\u017e\u00edvame cookies pre anal\u00fdzu po\u010dtu n\u00e1v\u0161tevn\u00edkov a spr\u00e1vania na na\u0161ich webov\u00fdch str\u00e1nkach a pre poskytovanie konkr\u00e9tneho obsahu, ako s\u00fa napr. vide\u00e1, na na\u0161ej webovej str\u00e1nke.<\/p>\n<\/div>\n<h5>Typy cookies, ktor\u00e9 pou\u017e\u00edvame<\/h5>\n<div>\n<h5>Nezbytn\u00e9<\/h5>\n<div>\n<table>\n<thead>\n<tr>\n<th>Cookie<\/th>\n<th>Typ<\/th>\n<th>Trvanie<\/th>\n<th>Popis<\/th>\n<\/tr>\n<\/thead>\n<tbody>\n<tr>\n<td>PHPSESSID<\/td>\n<td>https<\/td>\n<td>14 dn\u00ed<\/td>\n<td><span style=\"color: revert; font-size: revert; font-weight: revert;\">Tento s\u00fabor cookie je nat\u00edvny pre aplik\u00e1cie PHP. Tento s\u00fabor cookie sa pou\u017e\u00edva na ukladanie a identifik\u00e1ciu jedine\u010dn\u00e9ho ID rel\u00e1cie pou\u017e\u00edvate\u013ea na \u00fa\u010dely spr\u00e1vy rel\u00e1cie pou\u017e\u00edvate\u013ea na webov\u00fdch str\u00e1nkach. Tento s\u00fabor cookie je s\u00faborom cookie rel\u00e1cie a je zmazan\u00fd po zatvoren\u00ed v\u0161etk\u00fdch okien prehliada\u010da.Analytick\u00e9<\/span><\/td>\n<\/tr>\n<\/tbody>\n<\/table>\n<\/div>\n<div>\n<table>\n<thead>\n<tr>\n<th>Cookie<\/th>\n<th>Typ<\/th>\n<th>Trvanie<\/th>\n<th>Popis<\/th>\n<\/tr>\n<\/thead>\n<tbody>\n<tr>\n<td>_ga<\/td>\n<td>https<\/td>\n<td>2 roky<\/td>\n<td>S\u00fabor cookie _ga, in\u0161talovan\u00fd slu\u017ebou Google Analytics, vypo\u010d\u00edtava \u00fadaje o n\u00e1v\u0161tevn\u00edkoch, rel\u00e1ci\u00e1ch a kampaniach a taktie\u017e sleduje pou\u017e\u00edvanie webu pre analytick\u00fa spr\u00e1vu webu. S\u00fabor cookie uklad\u00e1 inform\u00e1cie anonymne a na rozpoznanie jedine\u010dn\u00fdch n\u00e1v\u0161tevn\u00edkov prira\u010fuje n\u00e1hodne vygenerovan\u00e9 \u010d\u00edslo.<\/td>\n<\/tr>\n<tr>\n<td>_gid<\/td>\n<td>https<\/td>\n<td>1 den<\/td>\n<td>S\u00fabor cookie _gid, in\u0161talovan\u00fd slu\u017ebou Google Analytics, uklad\u00e1 inform\u00e1cie o tom, ako n\u00e1v\u0161tevn\u00edci pou\u017e\u00edvaj\u00fa webov\u00e9 str\u00e1nky, a z\u00e1rove\u0148 vytv\u00e1ra analytick\u00fa spr\u00e1vu o v\u00fdkone webov\u00fdch str\u00e1nok. Medzi zhroma\u017e\u010fovan\u00e9 \u00fadaje patr\u00ed po\u010det n\u00e1v\u0161tevn\u00edkov, ich zdroj a anonymne nav\u0161t\u00edven\u00e9 str\u00e1nky.<\/td>\n<\/tr>\n<tr>\n<td>_gat_gtag_<\/td>\n<td>https<\/td>\n<td>1 minuta<\/td>\n<td><span style=\"color: revert; font-size: revert; font-weight: revert;\">Nastaven\u00e9 spolo\u010dnos\u0165ou Google pre rozl\u00ed\u0161enie pou\u017e\u00edvate\u013eov.Jak zm\u011bn\u00edm svoje nastaven\u00ed soubor\u016f cookie?<\/span><\/td>\n<\/tr>\n<\/tbody>\n<\/table>\n<\/div>\n<\/div>\n<div>\n<p>M\u00f4\u017eete zru\u0161i\u0165 in\u0161tal\u00e1ciu s\u00faborov cookie (okrem z\u00e1kladn\u00fdch s\u00faborov cookie) nastaven\u00edm svojich preferenci\u00ed na vyskakovacom bannere s\u00faborov cookie, potom m\u00f4\u017eete upravi\u0165 posuvn\u00edky na &#8220;Zapnut\u00e9&#8221; alebo &#8220;Vypnut\u00e9&#8221; alebo je zmeni\u0165 pomocou li\u0161ty predvolieb s\u00faborov cookie, ku ktorej sa dostanete.<\/p>\n<p>Pr\u00edpadne si vo svojom prehliada\u010di m\u00f4\u017eete zvoli\u0165, \u010di chcete s\u00fabory cookie prija\u0165 alebo nie. R\u00f4zne prehliada\u010de poskytuj\u00fa r\u00f4zne ovl\u00e1dacie prvky, a preto ni\u017e\u0161ie uv\u00e1dzame odkazy na pokyny od zn\u00e1mych v\u00fdrobcov k tomu, ako to urobi\u0165. Prehliada\u010d V\u00e1m spravidla pon\u00faka mo\u017enos\u0165 kedyko\u013evek prija\u0165, odmietnu\u0165 alebo vymaza\u0165 s\u00fabory cookie alebo s\u00fabory cookie od poskytovate\u013eov, ktor\u00e9 pou\u017e\u00edvaj\u00fa vlastn\u00edci webov\u00fdch str\u00e1nok (&#8220;cookies tret\u00edch str\u00e1n&#8221;), alebo s\u00fabory cookie z konkr\u00e9tnech webov\u00fdch str\u00e1nok.<\/p>\n<p>Chrome:\u00a0<a href=\"https:\/\/support.google.com\/accounts\/answer\/32050\" target=\"_blank\" rel=\"noopener noreferrer\">https:\/\/support.google.com\/accounts\/answer\/32050<\/a><\/p>\n<p>Safari:\u00a0<a href=\"https:\/\/support.apple.com\/en-in\/guide\/safari\/sfri11471\/mac\" target=\"_blank\" rel=\"noopener noreferrer\">https:\/\/support.apple.com\/en-in\/guide\/safari\/sfri11471\/mac<\/a><\/p>\n<p>Firefox:\u00a0<a href=\"https:\/\/support.mozilla.org\/en-US\/kb\/clear-cookies-and-site-data-firefox?redirectslug=delete-cookies-remove-info-websites-stored&amp;redirectlocale=en-US\" target=\"_blank\" rel=\"noopener noreferrer\">https:\/\/support.mozilla.org\/en-US\/kb\/cleaInform\u00e1cie o \u010fal\u0161\u00edch prehliada\u010doch n\u00e1jdete na webov\u00fdch str\u00e1nkach developerov prehliada\u010dov.r-cookies-and-site-data-firefox?redirectslug=delete-cookies-remove-info-websites-stored&amp;redirectlocale=en-US<\/a><\/p>\n<p>Internet Explorer:\u00a0<a href=\"https:\/\/support.microsoft.com\/en-us\/topic\/how-to-delete-cookie-files-in-internet-explorer-bca9446f-d873-78de-77ba-d42645fa52fc\" target=\"_blank\" rel=\"noopener noreferrer\">https:\/\/support.microsoft.com\/en-us\/topic\/how-to-delete-cookie-files-in-internet-explorer-bca9446f-d873-78de-77ba-d42645fa52fc<\/a><\/p>\n<p>Inform\u00e1cie o \u010fal\u0161\u00edch prehliada\u010doch n\u00e1jdete na webov\u00fdch str\u00e1nkach developerov prehliada\u010dov.<\/p>\n<\/div>\n","protected":false},"excerpt":{"rendered":"<p>\u010co je to cookie? &#8220;S\u00fabory cookie&#8221; s\u00fa mal\u00e9 textov\u00e9 s\u00fabory, ktor\u00e9 sa ukladaj\u00fa na po\u010d\u00edta\u010di alebo mobilnom zariaden\u00ed, ke\u010f si&#8230;<\/p>\n","protected":false},"author":2,"featured_media":0,"parent":0,"menu_order":100,"comment_status":"closed","ping_status":"closed","template":"","meta":[],"acf":[],"yoast_head":"<!-- This site is optimized with the Yoast SEO plugin v20.4 - https:\/\/yoast.com\/wordpress\/plugins\/seo\/ -->\n<title>Z\u00e1sady pou\u017e\u00edvania s\u00faborov cookie | Solveo s.r.o.<\/title>\n<meta name=\"robots\" content=\"noindex, follow, max-snippet:-1, max-image-preview:large, max-video-preview:-1\" \/>\n<meta property=\"og:locale\" content=\"sk_SK\" \/>\n<meta property=\"og:type\" content=\"article\" \/>\n<meta property=\"og:title\" content=\"Z\u00e1sady pou\u017e\u00edvania s\u00faborov cookie | Solveo s.r.o.\" \/>\n<meta property=\"og:description\" content=\"\u010co je to cookie? &#8220;S\u00fabory cookie&#8221; s\u00fa mal\u00e9 textov\u00e9 s\u00fabory, ktor\u00e9 sa ukladaj\u00fa na po\u010d\u00edta\u010di alebo mobilnom zariaden\u00ed, ke\u010f si...\" \/>\n<meta property=\"og:url\" content=\"https:\/\/solveosolutions.tamtomy.cz\/sk\/zasady-pouzivani-souboru-cookie\/\" \/>\n<meta property=\"og:site_name\" content=\"Solveo s.r.o.\" \/>\n<meta property=\"article:modified_time\" content=\"2023-04-06T06:17:20+00:00\" \/>\n<meta property=\"og:image\" content=\"https:\/\/solveosolutions.tamtomy.cz\/app\/uploads\/2023\/04\/vYROBA.png\" \/>\n\t<meta property=\"og:image:width\" content=\"846\" \/>\n\t<meta property=\"og:image:height\" content=\"760\" \/>\n\t<meta property=\"og:image:type\" content=\"image\/png\" \/>\n<meta name=\"twitter:card\" content=\"summary_large_image\" \/>\n<meta name=\"twitter:label1\" content=\"Est. reading time\" \/>\n\t<meta name=\"twitter:data1\" content=\"3 minutes\" \/>\n<script type=\"application\/ld+json\" class=\"yoast-schema-graph\">{\"@context\":\"https:\/\/schema.org\",\"@graph\":[{\"@type\":\"WebPage\",\"@id\":\"https:\/\/solveosolutions.tamtomy.cz\/sk\/zasady-pouzivani-souboru-cookie\/\",\"url\":\"https:\/\/solveosolutions.tamtomy.cz\/sk\/zasady-pouzivani-souboru-cookie\/\",\"name\":\"Z\u00e1sady pou\u017e\u00edvania s\u00faborov cookie | Solveo s.r.o.\",\"isPartOf\":{\"@id\":\"https:\/\/solveosolutions.tamtomy.cz\/sk\/#website\"},\"datePublished\":\"2023-03-29T10:52:46+00:00\",\"dateModified\":\"2023-04-06T06:17:20+00:00\",\"breadcrumb\":{\"@id\":\"https:\/\/solveosolutions.tamtomy.cz\/sk\/zasady-pouzivani-souboru-cookie\/#breadcrumb\"},\"inLanguage\":\"sk-SK\",\"potentialAction\":[{\"@type\":\"ReadAction\",\"target\":[\"https:\/\/solveosolutions.tamtomy.cz\/sk\/zasady-pouzivani-souboru-cookie\/\"]}]},{\"@type\":\"BreadcrumbList\",\"@id\":\"https:\/\/solveosolutions.tamtomy.cz\/sk\/zasady-pouzivani-souboru-cookie\/#breadcrumb\",\"itemListElement\":[{\"@type\":\"ListItem\",\"position\":1,\"name\":\"Dom\u016f\",\"item\":\"https:\/\/solveosolutions.tamtomy.cz\/sk\/\"},{\"@type\":\"ListItem\",\"position\":2,\"name\":\"Z\u00e1sady pou\u017e\u00edvania s\u00faborov cookie\"}]},{\"@type\":\"WebSite\",\"@id\":\"https:\/\/solveosolutions.tamtomy.cz\/sk\/#website\",\"url\":\"https:\/\/solveosolutions.tamtomy.cz\/sk\/\",\"name\":\"Profesion\u00e1ln\u00ed outsourcing\",\"description\":\"\",\"publisher\":{\"@id\":\"https:\/\/solveosolutions.tamtomy.cz\/sk\/#organization\"},\"potentialAction\":[{\"@type\":\"SearchAction\",\"target\":{\"@type\":\"EntryPoint\",\"urlTemplate\":\"https:\/\/solveosolutions.tamtomy.cz\/sk\/?s={search_term_string}\"},\"query-input\":\"required name=search_term_string\"}],\"inLanguage\":\"sk-SK\"},{\"@type\":\"Organization\",\"@id\":\"https:\/\/solveosolutions.tamtomy.cz\/sk\/#organization\",\"name\":\"Solveo s.r.o.\",\"url\":\"https:\/\/solveosolutions.tamtomy.cz\/sk\/\",\"logo\":{\"@type\":\"ImageObject\",\"inLanguage\":\"sk-SK\",\"@id\":\"https:\/\/solveosolutions.tamtomy.cz\/sk\/#\/schema\/logo\/image\/\",\"url\":\"https:\/\/solveosolutions.tamtomy.cz\/app\/uploads\/2023\/04\/logo.svg\",\"contentUrl\":\"https:\/\/solveosolutions.tamtomy.cz\/app\/uploads\/2023\/04\/logo.svg\",\"width\":1,\"height\":1,\"caption\":\"Solveo s.r.o.\"},\"image\":{\"@id\":\"https:\/\/solveosolutions.tamtomy.cz\/sk\/#\/schema\/logo\/image\/\"}}]}<\/script>\n<!-- \/ Yoast SEO plugin. -->","yoast_head_json":{"title":"Z\u00e1sady pou\u017e\u00edvania s\u00faborov cookie | Solveo s.r.o.","robots":{"index":"noindex","follow":"follow","max-snippet":"max-snippet:-1","max-image-preview":"max-image-preview:large","max-video-preview":"max-video-preview:-1"},"og_locale":"sk_SK","og_type":"article","og_title":"Z\u00e1sady pou\u017e\u00edvania s\u00faborov cookie | Solveo s.r.o.","og_description":"\u010co je to cookie? &#8220;S\u00fabory cookie&#8221; s\u00fa mal\u00e9 textov\u00e9 s\u00fabory, ktor\u00e9 sa ukladaj\u00fa na po\u010d\u00edta\u010di alebo mobilnom zariaden\u00ed, ke\u010f si...","og_url":"https:\/\/solveosolutions.tamtomy.cz\/sk\/zasady-pouzivani-souboru-cookie\/","og_site_name":"Solveo s.r.o.","article_modified_time":"2023-04-06T06:17:20+00:00","og_image":[{"width":846,"height":760,"url":"https:\/\/solveosolutions.tamtomy.cz\/app\/uploads\/2023\/04\/vYROBA.png","type":"image\/png"}],"twitter_card":"summary_large_image","twitter_misc":{"Est. reading time":"3 minutes"},"schema":{"@context":"https:\/\/schema.org","@graph":[{"@type":"WebPage","@id":"https:\/\/solveosolutions.tamtomy.cz\/sk\/zasady-pouzivani-souboru-cookie\/","url":"https:\/\/solveosolutions.tamtomy.cz\/sk\/zasady-pouzivani-souboru-cookie\/","name":"Z\u00e1sady pou\u017e\u00edvania s\u00faborov cookie | Solveo s.r.o.","isPartOf":{"@id":"https:\/\/solveosolutions.tamtomy.cz\/sk\/#website"},"datePublished":"2023-03-29T10:52:46+00:00","dateModified":"2023-04-06T06:17:20+00:00","breadcrumb":{"@id":"https:\/\/solveosolutions.tamtomy.cz\/sk\/zasady-pouzivani-souboru-cookie\/#breadcrumb"},"inLanguage":"sk-SK","potentialAction":[{"@type":"ReadAction","target":["https:\/\/solveosolutions.tamtomy.cz\/sk\/zasady-pouzivani-souboru-cookie\/"]}]},{"@type":"BreadcrumbList","@id":"https:\/\/solveosolutions.tamtomy.cz\/sk\/zasady-pouzivani-souboru-cookie\/#breadcrumb","itemListElement":[{"@type":"ListItem","position":1,"name":"Dom\u016f","item":"https:\/\/solveosolutions.tamtomy.cz\/sk\/"},{"@type":"ListItem","position":2,"name":"Z\u00e1sady pou\u017e\u00edvania s\u00faborov cookie"}]},{"@type":"WebSite","@id":"https:\/\/solveosolutions.tamtomy.cz\/sk\/#website","url":"https:\/\/solveosolutions.tamtomy.cz\/sk\/","name":"Profesion\u00e1ln\u00ed outsourcing","description":"","publisher":{"@id":"https:\/\/solveosolutions.tamtomy.cz\/sk\/#organization"},"potentialAction":[{"@type":"SearchAction","target":{"@type":"EntryPoint","urlTemplate":"https:\/\/solveosolutions.tamtomy.cz\/sk\/?s={search_term_string}"},"query-input":"required name=search_term_string"}],"inLanguage":"sk-SK"},{"@type":"Organization","@id":"https:\/\/solveosolutions.tamtomy.cz\/sk\/#organization","name":"Solveo s.r.o.","url":"https:\/\/solveosolutions.tamtomy.cz\/sk\/","logo":{"@type":"ImageObject","inLanguage":"sk-SK","@id":"https:\/\/solveosolutions.tamtomy.cz\/sk\/#\/schema\/logo\/image\/","url":"https:\/\/solveosolutions.tamtomy.cz\/app\/uploads\/2023\/04\/logo.svg","contentUrl":"https:\/\/solveosolutions.tamtomy.cz\/app\/uploads\/2023\/04\/logo.svg","width":1,"height":1,"caption":"Solveo s.r.o."},"image":{"@id":"https:\/\/solveosolutions.tamtomy.cz\/sk\/#\/schema\/logo\/image\/"}}]}},"_links":{"self":[{"href":"https:\/\/solveosolutions.tamtomy.cz\/sk\/wp-json\/wp\/v2\/pages\/260"}],"collection":[{"href":"https:\/\/solveosolutions.tamtomy.cz\/sk\/wp-json\/wp\/v2\/pages"}],"about":[{"href":"https:\/\/solveosolutions.tamtomy.cz\/sk\/wp-json\/wp\/v2\/types\/page"}],"author":[{"embeddable":true,"href":"https:\/\/solveosolutions.tamtomy.cz\/sk\/wp-json\/wp\/v2\/users\/2"}],"replies":[{"embeddable":true,"href":"https:\/\/solveosolutions.tamtomy.cz\/sk\/wp-json\/wp\/v2\/comments?post=260"}],"version-history":[{"count":3,"href":"https:\/\/solveosolutions.tamtomy.cz\/sk\/wp-json\/wp\/v2\/pages\/260\/revisions"}],"predecessor-version":[{"id":406,"href":"https:\/\/solveosolutions.tamtomy.cz\/sk\/wp-json\/wp\/v2\/pages\/260\/revisions\/406"}],"wp:attachment":[{"href":"https:\/\/solveosolutions.tamtomy.cz\/sk\/wp-json\/wp\/v2\/media?parent=260"}],"curies":[{"name":"wp","href":"https:\/\/api.w.org\/{rel}","templated":true}]}}